{"id":45,"date":"2022-02-16T17:27:38","date_gmt":"2022-02-16T16:27:38","guid":{"rendered":"http:\/\/tonbox.capersville-interactive.de\/?page_id=45"},"modified":"2025-04-04T09:46:57","modified_gmt":"2025-04-04T07:46:57","slug":"leistungen","status":"publish","type":"page","link":"https:\/\/klangwerk-marburg.de\/tonbox\/leistungen\/","title":{"rendered":"Leistungen"},"content":{"rendered":"<div id='av-layout-grid-1'  class='av-layout-grid-container av-1bqmp-8556ad14fd068baf9a7ecbbefd588f80 entry-content-wrapper main_color av-flex-cells  avia-builder-el-0  avia-builder-el-no-sibling   container_wrap fullsize'  >\n\n<style type=\"text\/css\" data-created_by=\"avia_inline_auto\" id=\"style-css-av-y8ip-4a499a9d3f951f20e7a6f8b368014ce3\">\n.flex_cell.av-y8ip-4a499a9d3f951f20e7a6f8b368014ce3{\nvertical-align:top;\npadding:50px 50px 50px 50px;\nbackground:url(https:\/\/klangwerk-marburg.de\/tonbox\/wp-content\/uploads\/2022\/02\/leistungen-mood.jpg) 100% 0% no-repeat scroll ;\n}\n<\/style>\n<div class='flex_cell av_one_half av-y8ip-4a499a9d3f951f20e7a6f8b368014ce3 no_margin  avia-builder-el-1  el_before_av_cell_one_half  avia-builder-el-first  avia-full-stretch' ><div class='flex_cell_inner'><\/div><\/div>\n<style type=\"text\/css\" data-created_by=\"avia_inline_auto\" id=\"style-css-av-kzqrm813-41c78258805169c7e2a0b9f1e6991a35\">\n.flex_cell.av-kzqrm813-41c78258805169c7e2a0b9f1e6991a35{\nvertical-align:top;\n}\n<\/style>\n<div class='flex_cell av_one_half av-kzqrm813-41c78258805169c7e2a0b9f1e6991a35 no_margin  avia-builder-el-2  el_after_av_cell_one_half  avia-builder-el-last  avia-full-stretch' ><div class='flex_cell_inner'><p><div class='flex_column_table av-289tp-3e9c8d93a1317da3bc6eec37fd337fd3 sc-av_three_fourth av-equal-height-column-flextable'>\n<style type=\"text\/css\" data-created_by=\"avia_inline_auto\" id=\"style-css-av-289tp-3e9c8d93a1317da3bc6eec37fd337fd3\">\n.flex_column.av-289tp-3e9c8d93a1317da3bc6eec37fd337fd3{\npadding:80px 40px 80px 40px;\n}\n<\/style>\n<div class='flex_column av-289tp-3e9c8d93a1317da3bc6eec37fd337fd3 av_three_fourth  avia-builder-el-3  el_before_av_one_fourth  avia-builder-el-first  first flex_column_table_cell av-equal-height-column av-align-top '   ><p>\n<style type=\"text\/css\" data-created_by=\"avia_inline_auto\" id=\"style-css-av-kzqrhuez-552612b99e983a3b5135c7b528b43fe0\">\n#top .av-special-heading.av-kzqrhuez-552612b99e983a3b5135c7b528b43fe0{\npadding-bottom:10px;\n}\nbody .av-special-heading.av-kzqrhuez-552612b99e983a3b5135c7b528b43fe0 .av-special-heading-tag .heading-char{\nfont-size:25px;\n}\n.av-special-heading.av-kzqrhuez-552612b99e983a3b5135c7b528b43fe0 .av-subheading{\nfont-size:15px;\n}\n<\/style>\n<div  class='av-special-heading av-kzqrhuez-552612b99e983a3b5135c7b528b43fe0 av-special-heading-h1 blockquote modern-quote  avia-builder-el-4  el_before_av_textblock  avia-builder-el-first  headlineleistungen'><h1 class='av-special-heading-tag'  itemprop=\"headline\"  >die|leistungen<\/h1><div class=\"special-heading-border\"><div class=\"special-heading-inner-border\"><\/div><\/div><\/div><br \/>\n<section  class='av_textblock_section av-kzpripyl-dbb3042d615eb849ad19119b79fb7768'  itemscope=\"itemscope\" itemtype=\"https:\/\/schema.org\/CreativeWork\" ><div class='avia_textblock'  itemprop=\"text\" ><p>Das Tonstudio ist Mediendienstleister, in erster Linie erstellen wir nat\u00fcrlich Tonaufnahmen f\u00fcr s\u00e4mtliche Verwendungszwecke, Sprache, Musik, Ger\u00e4usche, akustische Aufnahmen f\u00fcr Jazz, Klassik, Rock, Pop, Metal, Big Band, Chor, Live Ton-Aufnahmen in Kirchen oder Konzerts\u00e4\u00e4len auch in Mehrkanal bis 7.2 Tonformat sind problemlos m\u00f6glich.<br \/>\nF\u00fcr den Datenaustausch mit anderen Tonstudios oder die Ver\u00f6ffentlichung auf s\u00e4mtlichen denkbaren Kan\u00e4len und Medien, Sind wir bestens ger\u00fcstet. Ganz klassisch ist nat\u00fcrlich die gemasterte Redbook-CD, Vinyl Mastering, eine digitale Ver\u00f6ffentlichung, oder die Anlieferung an Filmstudios, Werbestudios oder andere Agenturen.<\/p>\n<p>Seit 2020 bieten wir auch Video Streaming und Video Aufzeichnung bei uns im Studio mit vier 4K Kameras und vier HD Kameras. Eine gleichzeitige Aufzeichnung von acht Kan\u00e4len in Full HD ist problemlos m\u00f6glich &#8211; auf Anfrage auch Bundesweit mobil. Vortr\u00e4ge, Lesungen, Gespr\u00e4che, Diskussionen oder Konferenzen, online Workshops und Seminare k\u00f6nnen per Streaming auf YouTube Facebook oder andere Plattformen \u00fcbertragen werden. Alternativ k\u00f6nnen die Videos auch vorproduziert werden zu sp\u00e4ter Verwendung.<\/p>\n<p>Gerne erstellen wir Ihnen ein passendes Angebot f\u00fcr ihre Aufnahmen.<\/p>\n<\/div><\/section><\/p><\/div><div class='av-flex-placeholder'><\/div><div class='flex_column av-14pxh-34467b193aa9876587eb852cefdff593 av_one_fourth  avia-builder-el-6  el_after_av_three_fourth  avia-builder-el-last  flex_column_table_cell av-equal-height-column av-align-top '   ><\/div><\/div><!--close column table wrapper. Autoclose: 1 --><\/p>\n<\/div><\/div><\/div>\n","protected":false},"excerpt":{"rendered":"","protected":false},"author":1,"featured_media":0,"parent":0,"menu_order":0,"comment_status":"closed","ping_status":"closed","template":"","meta":{"footnotes":""},"class_list":["post-45","page","type-page","status-publish","hentry"],"_links":{"self":[{"href":"https:\/\/klangwerk-marburg.de\/tonbox\/wp-json\/wp\/v2\/pages\/45","targetHints":{"allow":["GET"]}}],"collection":[{"href":"https:\/\/klangwerk-marburg.de\/tonbox\/wp-json\/wp\/v2\/pages"}],"about":[{"href":"https:\/\/klangwerk-marburg.de\/tonbox\/wp-json\/wp\/v2\/types\/page"}],"author":[{"embeddable":true,"href":"https:\/\/klangwerk-marburg.de\/tonbox\/wp-json\/wp\/v2\/users\/1"}],"replies":[{"embeddable":true,"href":"https:\/\/klangwerk-marburg.de\/tonbox\/wp-json\/wp\/v2\/comments?post=45"}],"version-history":[{"count":17,"href":"https:\/\/klangwerk-marburg.de\/tonbox\/wp-json\/wp\/v2\/pages\/45\/revisions"}],"predecessor-version":[{"id":34061,"href":"https:\/\/klangwerk-marburg.de\/tonbox\/wp-json\/wp\/v2\/pages\/45\/revisions\/34061"}],"wp:attachment":[{"href":"https:\/\/klangwerk-marburg.de\/tonbox\/wp-json\/wp\/v2\/media?parent=45"}],"curies":[{"name":"wp","href":"https:\/\/api.w.org\/{rel}","templated":true}]}}